{"id":638,"date":"2020-01-24T09:56:21","date_gmt":"2020-01-24T08:56:21","guid":{"rendered":"http:\/\/cdchs06.com\/wordpress\/?page_id=638"},"modified":"2020-01-24T09:56:22","modified_gmt":"2020-01-24T08:56:22","slug":"le-calendrier-de-la-cdr06-sur-votre-smartphone","status":"publish","type":"page","link":"https:\/\/cdchs06.com\/wordpress\/index.php\/le-calendrier-de-la-cdr06-sur-votre-smartphone\/","title":{"rendered":"Le calendrier de la CDR06 sur votre smartphone"},"content":{"rendered":"\n<p><\/p>\n\n\n\n<div class=\"wp-block-media-text alignwide\"><figure class=\"wp-block-media-text__media\"><img loading=\"lazy\" decoding=\"async\" width=\"576\" height=\"1024\" src=\"https:\/\/cdchs06.com\/wordpress\/wp-content\/uploads\/2020\/01\/01-576x1024.jpg\" alt=\"\" class=\"wp-image-640\" srcset=\"https:\/\/cdchs06.com\/wordpress\/wp-content\/uploads\/2020\/01\/01-576x1024.jpg 576w, https:\/\/cdchs06.com\/wordpress\/wp-content\/uploads\/2020\/01\/01-169x300.jpg 169w, https:\/\/cdchs06.com\/wordpress\/wp-content\/uploads\/2020\/01\/01-768x1365.jpg 768w, https:\/\/cdchs06.com\/wordpress\/wp-content\/uploads\/2020\/01\/01-864x1536.jpg 864w, https:\/\/cdchs06.com\/wordpress\/wp-content\/uploads\/2020\/01\/01-1152x2048.jpg 1152w, https:\/\/cdchs06.com\/wordpress\/wp-content\/uploads\/2020\/01\/01.jpg 1242w\" sizes=\"auto, (max-width: 576px) 100vw, 576px\" \/><\/figure><div class=\"wp-block-media-text__content\">\n<p class=\"has-medium-font-size\"> Cette ann\u00e9e, la <strong>CDR06 <\/strong>vous offre son <strong>calendrier <\/strong>sous forme d&rsquo;<strong>application pour smartphone.<\/strong> <\/p>\n<\/div><\/div>\n\n\n\n<p><\/p>\n\n\n\n<div class=\"wp-block-media-text alignwide has-media-on-the-right\"><figure class=\"wp-block-media-text__media\"><img loading=\"lazy\" decoding=\"async\" width=\"576\" height=\"1024\" src=\"https:\/\/cdchs06.com\/wordpress\/wp-content\/uploads\/2020\/01\/11-576x1024.jpg\" alt=\"\" class=\"wp-image-642\" srcset=\"https:\/\/cdchs06.com\/wordpress\/wp-content\/uploads\/2020\/01\/11-576x1024.jpg 576w, https:\/\/cdchs06.com\/wordpress\/wp-content\/uploads\/2020\/01\/11-169x300.jpg 169w, https:\/\/cdchs06.com\/wordpress\/wp-content\/uploads\/2020\/01\/11-768x1365.jpg 768w, https:\/\/cdchs06.com\/wordpress\/wp-content\/uploads\/2020\/01\/11-864x1536.jpg 864w, https:\/\/cdchs06.com\/wordpress\/wp-content\/uploads\/2020\/01\/11-1152x2048.jpg 1152w, https:\/\/cdchs06.com\/wordpress\/wp-content\/uploads\/2020\/01\/11.jpg 1242w\" sizes=\"auto, (max-width: 576px) 100vw, 576px\" \/><\/figure><div class=\"wp-block-media-text__content\">\n<p class=\"has-medium-font-size\"> Cette nouvelle application vous permettra de retrouver <strong>toutes les courses <\/strong>du calendrier avec des regroupements par <strong>types de courses<\/strong> et par <strong>challenges<\/strong>. <\/p>\n<\/div><\/div>\n\n\n\n<p><\/p>\n\n\n\n<div class=\"wp-block-media-text alignwide\"><figure class=\"wp-block-media-text__media\"><img loading=\"lazy\" decoding=\"async\" width=\"576\" height=\"1024\" src=\"https:\/\/cdchs06.com\/wordpress\/wp-content\/uploads\/2020\/01\/21-576x1024.jpg\" alt=\"\" class=\"wp-image-643\" srcset=\"https:\/\/cdchs06.com\/wordpress\/wp-content\/uploads\/2020\/01\/21-576x1024.jpg 576w, https:\/\/cdchs06.com\/wordpress\/wp-content\/uploads\/2020\/01\/21-169x300.jpg 169w, https:\/\/cdchs06.com\/wordpress\/wp-content\/uploads\/2020\/01\/21-768x1365.jpg 768w, https:\/\/cdchs06.com\/wordpress\/wp-content\/uploads\/2020\/01\/21-864x1536.jpg 864w, https:\/\/cdchs06.com\/wordpress\/wp-content\/uploads\/2020\/01\/21-1152x2048.jpg 1152w, https:\/\/cdchs06.com\/wordpress\/wp-content\/uploads\/2020\/01\/21.jpg 1242w\" sizes=\"auto, (max-width: 576px) 100vw, 576px\" \/><\/figure><div class=\"wp-block-media-text__content\">\n<p class=\"has-text-align-left has-medium-font-size\"> Elle contient aussi un <strong>convertisseur d&rsquo;allures<\/strong> pour ceux qui sont f\u00e2ch\u00e9s avec ce genre de calculs. <\/p>\n<\/div><\/div>\n\n\n\n<p class=\"has-medium-font-size\"><strong>T\u00e9l\u00e9chargez l\u00e0 <\/strong>sans plus tarder dans le store correspondant \u00e0 votre t\u00e9l\u00e9phone.<\/p>\n\n\n\n<div class=\"wp-block-image\"><figure class=\"aligncenter size-large is-resized\"><a href=\"https:\/\/play.google.com\/store\/apps\/details?id=fr.nyoto.cdr06\" target=\"_blank\" rel=\"noreferrer noopener\"><img decoding=\"async\" src=\"https:\/\/cdchs06.com\/wordpress\/wp-content\/uploads\/2020\/01\/GooglePlay2-FR.png\" alt=\"\" class=\"wp-image-630\" width=\"335\" srcset=\"https:\/\/cdchs06.com\/wordpress\/wp-content\/uploads\/2020\/01\/GooglePlay2-FR.png 564w, https:\/\/cdchs06.com\/wordpress\/wp-content\/uploads\/2020\/01\/GooglePlay2-FR-300x89.png 300w\" sizes=\"(max-width: 564px) 100vw, 564px\" \/><\/a><\/figure><\/div>\n\n\n\n<div class=\"wp-block-image\"><figure class=\"aligncenter size-large\"><a href=\"https:\/\/apps.apple.com\/fr\/app\/cdr06\/id1494449737\" target=\"_blank\" rel=\"noreferrer noopener\"><img loading=\"lazy\" decoding=\"async\" width=\"335\" height=\"99\" src=\"https:\/\/cdchs06.com\/wordpress\/wp-content\/uploads\/2020\/01\/appstore1.png\" alt=\"\" class=\"wp-image-627\" srcset=\"https:\/\/cdchs06.com\/wordpress\/wp-content\/uploads\/2020\/01\/appstore1.png 335w, https:\/\/cdchs06.com\/wordpress\/wp-content\/uploads\/2020\/01\/appstore1-300x89.png 300w\" sizes=\"auto, (max-width: 335px) 100vw, 335px\" \/><\/a><\/figure><\/div>\n","protected":false},"excerpt":{"rendered":"<p>Cette ann\u00e9e, la CDR06 vous offre son calendrier sous forme d&rsquo;application pour smartphone. Cette nouvelle application vous permettra de retrouver toutes les courses du calendrier avec des regroupements par types de courses et par challenges. Elle contient aussi un convertisseur d&rsquo;allures pour ceux qui sont f\u00e2ch\u00e9s avec ce genre de calculs. T\u00e9l\u00e9chargez l\u00e0 sans plus tarder dans le store correspondant \u00e0 votre t\u00e9l\u00e9phone.<\/p>\n","protected":false},"author":1,"featured_media":640,"parent":0,"menu_order":0,"comment_status":"closed","ping_status":"closed","template":"","meta":{"_monsterinsights_skip_tracking":false,"_monsterinsights_sitenote_active":false,"_monsterinsights_sitenote_note":"","_monsterinsights_sitenote_category":0,"footnotes":""},"class_list":["post-638","page","type-page","status-publish","has-post-thumbnail","hentry"],"_links":{"self":[{"href":"https:\/\/cdchs06.com\/wordpress\/index.php\/wp-json\/wp\/v2\/pages\/638","targetHints":{"allow":["GET"]}}],"collection":[{"href":"https:\/\/cdchs06.com\/wordpress\/index.php\/wp-json\/wp\/v2\/pages"}],"about":[{"href":"https:\/\/cdchs06.com\/wordpress\/index.php\/wp-json\/wp\/v2\/types\/page"}],"author":[{"embeddable":true,"href":"https:\/\/cdchs06.com\/wordpress\/index.php\/wp-json\/wp\/v2\/users\/1"}],"replies":[{"embeddable":true,"href":"https:\/\/cdchs06.com\/wordpress\/index.php\/wp-json\/wp\/v2\/comments?post=638"}],"version-history":[{"count":4,"href":"https:\/\/cdchs06.com\/wordpress\/index.php\/wp-json\/wp\/v2\/pages\/638\/revisions"}],"predecessor-version":[{"id":645,"href":"https:\/\/cdchs06.com\/wordpress\/index.php\/wp-json\/wp\/v2\/pages\/638\/revisions\/645"}],"wp:featuredmedia":[{"embeddable":true,"href":"https:\/\/cdchs06.com\/wordpress\/index.php\/wp-json\/wp\/v2\/media\/640"}],"wp:attachment":[{"href":"https:\/\/cdchs06.com\/wordpress\/index.php\/wp-json\/wp\/v2\/media?parent=638"}],"curies":[{"name":"wp","href":"https:\/\/api.w.org\/{rel}","templated":true}]}}