{"id":37,"date":"2016-10-23T10:21:06","date_gmt":"2016-10-23T08:21:06","guid":{"rendered":"http:\/\/cdchs06.com\/wordpress\/?page_id=37"},"modified":"2023-11-08T17:58:45","modified_gmt":"2023-11-08T16:58:45","slug":"organisateurs-de-courses","status":"publish","type":"page","link":"https:\/\/cdchs06.com\/wordpress\/index.php\/organisateurs-de-courses\/","title":{"rendered":"Organisateurs de courses"},"content":{"rendered":"<h5>Organisateurs de Courses<\/h5>\n<div class=\"\"><\/div>\n<table border=\"1\" width=\"480\" cellspacing=\"0\" cellpadding=\"0\">\n<tbody>\n<tr>\n<td>\n<p class=\"bodytext\">R\u00e8glement Int\u00e9rieur CDR 06<\/p>\n<\/td>\n<td width=\"80\" height=\"22\"><\/td>\n<td width=\"80\" height=\"22\">\n<p align=\"center\"><a href=\"https:\/\/cdchs06.com\/wordpress\/wp-content\/uploads\/2019\/07\/R\u00e9glement-Int\u00e9rieur-CDR-06.pdf\" target=\"_blank\" rel=\"noopener noreferrer\"><img loading=\"lazy\" decoding=\"async\" src=\"http:\/\/cdchs06.com\/ffafiles\/acrobat.gif\" width=\"17\" height=\"17\" border=\"0\" \/><\/a><\/p>\n<\/td>\n<\/tr>\n<tr>\n<td>\n<p class=\"bodytext\">Manuel Organisation 2023<\/p>\n<\/td>\n<td width=\"80\" height=\"22\"><\/td>\n<td width=\"80\" height=\"22\">\n<p align=\"center\"><a href=\"https:\/\/www.athle.fr\/asp.net\/main.pdf\/pdf.aspx?path=\/Reglement\/Manuel_organisation_HS2023.pdf\" target=\"_blank\" rel=\"noopener noreferrer\"><img loading=\"lazy\" decoding=\"async\" src=\"http:\/\/cdchs06.com\/ffafiles\/acrobat.gif\" width=\"17\" height=\"17\" border=\"0\" \/><\/a><\/p>\n<\/td>\n<\/tr>\n<tr>\n<td>\n<p class=\"bodytext\">R\u00e9glementation 2023-2024<\/p>\n<\/td>\n<td width=\"80\" height=\"22\"><\/td>\n<td width=\"80\" height=\"22\">\n<p align=\"center\"><a href=\"https:\/\/www.athle.fr\/asp.net\/main.pdf\/pdf.aspx?path=\/Reglement\/Reglementation_Hors-Stade_2024.pdf\" target=\"_blank\" rel=\"noopener\"><img loading=\"lazy\" decoding=\"async\" class=\"\" src=\"http:\/\/cdchs06.com\/ffafiles\/acrobat.gif\" width=\"17\" height=\"17\" border=\"0\" \/><\/a><\/p>\n<\/td>\n<\/tr>\n<tr>\n<td>\n<p class=\"bodytext\">Recommandations sanitaires (COVID-19)<\/p>\n<\/td>\n<td width=\"80\" height=\"22\"><\/td>\n<td width=\"80\" height=\"22\">\n<p align=\"center\"><a href=\"https:\/\/www.athle.fr\/asp.net\/main.pdf\/pdf.aspx?path=\/pdf\/docffa\/recommandations_sanitaires_running.pdf\" target=\"_blank\" rel=\"noopener\"><img loading=\"lazy\" decoding=\"async\" src=\"http:\/\/cdchs06.com\/ffafiles\/acrobat.gif\" width=\"17\" height=\"17\" border=\"0\" \/><\/a><\/p>\n<\/td>\n<\/tr>\n<tr>\n<td>\n<p class=\"bodytext\">Certificats m\u00e9dicaux en fran\u00e7ais, italien, espagnol, anglais, et allemand :<\/p>\n<\/td>\n<td width=\"80\" height=\"22\"><\/td>\n<td width=\"80\" height=\"22\">\n<p align=\"center\"><a href=\"http:\/\/www.athle.fr\/asp.net\/main.pdf\/pdf.aspx?path=\/pdf\/docffa\/modeles_certificats_medicaux.pdf\" target=\"_blank\" rel=\"noopener noreferrer\"><img loading=\"lazy\" decoding=\"async\" src=\"http:\/\/cdchs06.com\/ffafiles\/acrobat.gif\" width=\"17\" height=\"17\" border=\"0\" \/><\/a><\/p>\n<\/td>\n<\/tr>\n<tr>\n<td>\n<p class=\"bodytext\">Exemple de dossier s\u00e9curit\u00e9 Trail, course nature :<\/p>\n<\/td>\n<td width=\"80\" height=\"22\"><\/td>\n<td width=\"80\" height=\"22\">\n<p align=\"center\"><a href=\"http:\/\/cdchs06.com\/ffafiles\/Dossier-CDCHS06-2018.pdf\" target=\"_blank\" rel=\"noopener noreferrer\"><img loading=\"lazy\" decoding=\"async\" src=\"http:\/\/cdchs06.com\/ffafiles\/acrobat.gif\" width=\"17\" height=\"17\" border=\"0\" \/><\/a><\/p>\n<\/td>\n<\/tr>\n<tr>\n<td>\n<p class=\"bodytext\">Aide Nouvel organisateur ( Calorg ) :<\/p>\n<\/td>\n<td width=\"80\" height=\"22\"><\/td>\n<td width=\"80\" height=\"22\">\n<p align=\"center\"><a href=\"http:\/\/www.athle.fr\/asp.net\/main.pdf\/pdf.aspx?path=\/pdf\/docffa\/Calorg-Nouvel-Organisateur.pdf\" target=\"_blank\" rel=\"noopener noreferrer\"><img loading=\"lazy\" decoding=\"async\" src=\"http:\/\/cdchs06.com\/ffafiles\/acrobat.gif\" width=\"17\" height=\"17\" border=\"0\" \/><\/a><\/p>\n<\/td>\n<\/tr>\n<tr>\n<td>\n<p class=\"bodytext\">Aide Renouvellement (Calorg ) :<\/p>\n<\/td>\n<td width=\"80\" height=\"22\"><\/td>\n<td width=\"80\" height=\"22\">\n<p align=\"center\"><a href=\"http:\/\/www.athle.fr\/asp.net\/main.pdf\/pdf.aspx?path=\/pdf\/docffa\/Calorg-Organisateur-Renouveler-competition.pdf\" target=\"_blank\" rel=\"noopener noreferrer\"><img loading=\"lazy\" decoding=\"async\" src=\"http:\/\/cdchs06.com\/ffafiles\/acrobat.gif\" width=\"17\" height=\"17\" border=\"0\" \/><\/a><\/p>\n<\/td>\n<\/tr>\n<tr>\n<td>\n<p class=\"bodytext\">Questions (Calorg ) :<\/p>\n<\/td>\n<td width=\"80\" height=\"22\"><\/td>\n<td width=\"80\" height=\"22\">\n<p align=\"center\"><a href=\"http:\/\/www.athle.fr\/asp.net\/main.pdf\/pdf.aspx?path=\/pdf\/docffa\/Calorg-FAQ.pdf\" target=\"_blank\" rel=\"noopener noreferrer\"><img loading=\"lazy\" decoding=\"async\" src=\"http:\/\/cdchs06.com\/ffafiles\/acrobat.gif\" width=\"17\" height=\"17\" border=\"0\" \/><\/a><\/p>\n<\/td>\n<\/tr>\n<tr>\n<td>\n<p class=\"bodytext\">Formulaire de demande d&rsquo;organisation d&rsquo;une course sur route ou Trail<\/p>\n<\/td>\n<td width=\"80\" height=\"22\"><\/td>\n<td width=\"80\" height=\"22\">\n<p align=\"center\"><a href=\"http:\/\/cdchs06.com\/ffafiles\/Dossier-CDCHS06-2018.pdf\" target=\"_blank\" rel=\"noopener noreferrer\"><img loading=\"lazy\" decoding=\"async\" src=\"http:\/\/cdchs06.com\/ffafiles\/acrobat.gif\" width=\"17\" height=\"17\" border=\"0\" \/><\/a><\/p>\n<\/td>\n<\/tr>\n<\/tbody>\n<\/table>\n<p>Tous les documents officiels organisateurs sont disponibles sur le site de la\u00a0<a href=\"https:\/\/www.athle.fr\/asp.net\/main.html\/html.aspx?htmlid=24\" target=\"_blank\" rel=\"noopener\"><strong>F\u00e9d\u00e9ration Fran\u00e7aise d\u2019Athl\u00e9tisme.<\/strong><\/a><\/p>\n<hr \/>\n<p><strong>Constitution du Dossier<\/strong><\/p>\n<p><strong>IMPORTANT<\/strong><\/p>\n<p><strong>Vous n\u2019aurez plus qu\u2019un seul dossier pour les deux disciplines\u00a0 Trail et course p\u00e9destre. Les organisateurs de Trail n\u2019auront qu\u2019\u00e0 remplir la totalit\u00e9 du <\/strong><span style=\"color: #ff0000;\"><strong>document CERFA<\/strong><\/span><\/p>\n<p><strong>\u00a0<\/strong><\/p>\n<p>1- Le document doit \u00eatre r\u00e9dig\u00e9 sur le formulaire rempli informatiquement.<\/p>\n<p>2- Un r\u00e8glement de l\u2019\u00e9preuve indiquant en particulier, pour chacune des courses, l\u2019heure du d\u00e9part, la distance, les cat\u00e9gories concern\u00e9es.<\/p>\n<p>3- Un plan du parcours tir\u00e9 sur carte IGN 25\/1000 trac\u00e9 couleur magenta, ou incrustation G\u00e9oportail, avec les indications de postes de chronom\u00e9trage, de ravitaillement, de secours, la\u00a0 nature et noms des routes emprunt\u00e9es (itin\u00e9raire) et la liste des signaleurs avec nom pr\u00e9nom n\u00b0 de permis ou t\u00e9l\u00e9phone.<\/p>\n<p>4- Pour les courses en montagne et les randonn\u00e9es sportives en montagne, un profil du parcours indiquant la d\u00e9nivel\u00e9e et les passages d\u00e9licats.<\/p>\n<p>5- Une photocopie de l\u2019attestation d\u2019assurance, pr\u00e9cisant que la manifestation et les risques en d\u00e9coulant pour l\u2019organisation, les pr\u00e9pos\u00e9s et les participants sont couverts par une police d\u2019assurance, ceci conform\u00e9ment \u00e0 l\u2019article 5 du chapitre I.<\/p>\n<p>6- Le projet du bulletin d\u2019inscription qui sera obligatoirement rempli par les participants.<\/p>\n<p>8- attestation des secours fournie par l\u2019organisme concern\u00e9, justifiant la pr\u00e9sence de secours, pompiers, op\u00e9rateurs radio pouvant assurer la s\u00e9curit\u00e9 de l\u2019\u00e9preuve<strong>. Elle devra \u00eatre sign\u00e9e et accept\u00e9e par l\u2019organisateur<\/strong><\/p>\n<p><strong>\u00a0 <span style=\"color: #ff0000;\">Tout ces documents sont \u00e0 envoyer par mail \u00e0 la Mairie de la commune concern\u00e9e. Si vous traversez plusieurs communes, votre dossier devra faire l\u2019objet d\u2019une instruction par la pr\u00e9fecture du d\u00e9partement.<\/span><\/strong><\/p>\n<p><strong>R\u00e9sultats des \u00e9preuves.\u00a0<\/strong><\/p>\n<p>Un espace est pr\u00e9vu \u00e0 cet effet sur le site. \u00ab\u00a0Gestion des r\u00e9sultats\u00a0\u00bb vous pourrez tout \u00e0 loisir les d\u00e9poser<\/p>\n<p>Tout organisateur ayant inscrit sa course au calendrier d\u00e9partemental vot\u00e9 lors de la REUNION ANNUELLE, et ne faisant pas disputer son \u00e9preuve pour toutes raisons que le Bureau \u00e9lu de la Commission jugera comme NON RECEVABLE, pourra perdre le b\u00e9n\u00e9fice de l\u2019anciennet\u00e9 pour la priorit\u00e9 du choix de la date de son \u00e9preuve. Il est imp\u00e9ratif de respecter au fil des saisons la position de votre \u00e9preuve. Exemple\u00a0: 3\u00e8me dimanche du mois d\u2019aout ou autre, sans pour autant bouleverser le calendrier.<\/p>\n<p><strong>Nous attirons votre attention\u2026<\/strong><\/p>\n<p><span style=\"color: #ff0000;\"><strong>Les Organisateurs absents ou non repr\u00e9sent\u00e9s, le jour de la REUNION ANNUELLE devrons s\u2019acquitter de la somme de 100 \u20ac. Tout changement de date en cours d\u2019ann\u00e9e ne sera pas pris en compte. Dans un cas exceptionnel, une contrepartie financi\u00e8re sera vers\u00e9e par le demandeur aux organisateurs impliqu\u00e9s par ce changement de\u00a0date<\/strong><\/span><\/p>\n<p><strong>PARTICIPATION \u00c0 LA COURSE<\/strong><\/p>\n<p>Les Athl\u00e8tes licenci\u00e9s devront pr\u00e9senter LEUR LICENCE et les Athl\u00e8tes non licenci\u00e9s devront pr\u00e9senter UN CERTIFICAT MEDICAL au plus tard lors du retrait du dossard. (Pour les deux, original ou copie datant de moins d\u2019un an). Conform\u00e9ment aux textes de Loi n\u00b0 99-223 du 23 Mars 1999. Et l\u2019Organisateur pourra faire signer aux participants le texte ci-dessous :<\/p>\n<p>Je d\u00e9clare avoir pr\u00e9sent\u00e9 ma licence ou mon certificat m\u00e9dical de non contre-indication \u00e0 la pratique de la course \u00e0 pied (original ou copie) lors du retrait de mon dossard. Conform\u00e9ment aux textes de Loi n\u00b0 99-223 du 23 Mars 1999 et accepte le r\u00e8glement de l\u2019\u00e9preuve.<\/p>\n<p>ASSURANCES<br \/>\n12.2 \u2013 Lorsque l\u2019Organisateur est un club FFA, l\u2019attestation d\u2019assurance pourra \u00eatre d\u00e9livr\u00e9e gratuitement par la Compagnie d\u2019Assurance de la FFA (Le Cabinet GRAS SAVOYE \u2013 PARIS \u2013 T\u00e9l. 01.45.92.70.91)\u00a03 mois avant la date de la manifestation<\/p>\n<p>12.4 \u2013 Pour une garantie administrative conforme, il est obligatoire de faire figurer sur le bulletin d\u2019engagement, le texte suivant\u00a0:<\/p>\n<p><em>Responsabilit\u00e9 Civile : Les Organisateurs sont couverts par une Police d\u2019Assurance souscrite aupr\u00e8s de\u00a0: (nom de la compagnie, et n\u00b0 de contrat)<\/em><\/p>\n<p><em>\u00a0<\/em><\/p>\n<p><em>Individuelle accident : Les licenci\u00e9s b\u00e9n\u00e9ficient des garanties accord\u00e9es par l\u2019assurance li\u00e9e \u00e0 leur licence. Il incombe aux autres participants de s\u2019assurer personnellement.<\/em><\/p>\n","protected":false},"excerpt":{"rendered":"<p>Organisateurs de Courses R\u00e8glement Int\u00e9rieur CDR 06 Manuel Organisation 2023 R\u00e9glementation 2023-2024 Recommandations sanitaires (COVID-19) Certificats m\u00e9dicaux en fran\u00e7ais, italien, espagnol, anglais, et allemand : Exemple de dossier s\u00e9curit\u00e9 Trail, course nature : Aide Nouvel organisateur ( Calorg ) : Aide Renouvellement (Calorg ) : Questions (Calorg ) : Formulaire de demande d&rsquo;organisation d&rsquo;une course sur route ou Trail Tous les documents officiels organisateurs sont disponibles sur le site de&#8230;<\/p>\n","protected":false},"author":1,"featured_media":0,"parent":0,"menu_order":0,"comment_status":"closed","ping_status":"closed","template":"","meta":{"_monsterinsights_skip_tracking":false,"_monsterinsights_sitenote_active":false,"_monsterinsights_sitenote_note":"","_monsterinsights_sitenote_category":0,"footnotes":""},"class_list":["post-37","page","type-page","status-publish","hentry"],"_links":{"self":[{"href":"https:\/\/cdchs06.com\/wordpress\/index.php\/wp-json\/wp\/v2\/pages\/37","targetHints":{"allow":["GET"]}}],"collection":[{"href":"https:\/\/cdchs06.com\/wordpress\/index.php\/wp-json\/wp\/v2\/pages"}],"about":[{"href":"https:\/\/cdchs06.com\/wordpress\/index.php\/wp-json\/wp\/v2\/types\/page"}],"author":[{"embeddable":true,"href":"https:\/\/cdchs06.com\/wordpress\/index.php\/wp-json\/wp\/v2\/users\/1"}],"replies":[{"embeddable":true,"href":"https:\/\/cdchs06.com\/wordpress\/index.php\/wp-json\/wp\/v2\/comments?post=37"}],"version-history":[{"count":11,"href":"https:\/\/cdchs06.com\/wordpress\/index.php\/wp-json\/wp\/v2\/pages\/37\/revisions"}],"predecessor-version":[{"id":1040,"href":"https:\/\/cdchs06.com\/wordpress\/index.php\/wp-json\/wp\/v2\/pages\/37\/revisions\/1040"}],"wp:attachment":[{"href":"https:\/\/cdchs06.com\/wordpress\/index.php\/wp-json\/wp\/v2\/media?parent=37"}],"curies":[{"name":"wp","href":"https:\/\/api.w.org\/{rel}","templated":true}]}}