{"id":20,"date":"2016-10-23T10:12:14","date_gmt":"2016-10-23T08:12:14","guid":{"rendered":"http:\/\/cdchs06.com\/wordpress\/?page_id=20"},"modified":"2019-06-20T19:27:23","modified_gmt":"2019-06-20T17:27:23","slug":"assistance-technique","status":"publish","type":"page","link":"https:\/\/cdchs06.com\/wordpress\/index.php\/assistance-technique\/","title":{"rendered":"Assistance Technique"},"content":{"rendered":"<h5>Assistance technique<\/h5>\n<p>CHERS ORGANISATEURS si vous d\u00e9sirez des conseils pour l\u2019organisation de votre \u00e9preuve, ou faire mesurer votre parcours suivant les m\u00e9thodes fix\u00e9es par l\u2019I.A.A.F. afin que la distance annonc\u00e9e soit exacte, n\u2019h\u00e9sitez pas nous contacter :<\/p>\n<p>COMMISSION DEPARTEMENTALE RUNNING DES ALPES MARITIMES<\/p>\n<p>Parc des Sports Charles Ehrmann \u2013 155 Boulevard du Mercantour 06200 NICE<\/p>\n<p>T\u00e9l&nbsp;: 04 93 71 86 05 \u2013 06 62 17 64 94&nbsp; <a href=\"mailto:cdchs06@gmail.com\">cdchs06@gmail.com<\/a><\/p>\n<p>&nbsp;<\/p>\n<p>A votre disposition, pour vos organisations :<\/p>\n<ul>\n<li>2 chronom\u00e8tres imprimante en location tarif de 15 euros l\u2019un avec une caution de 150 euros.<\/li>\n<li>Une horloge digitale en location tarif 45 euros, avec une caution de 300 euros.<\/li>\n<\/ul>\n<p>Si besoin, nous pouvons vous assurer l\u2019assistance technique de votre \u00e9preuve : chronom\u00e9trage d\u00e9part\/arriv\u00e9e, gestion informatique. Tarif en fonction de vos besoins. Nous consulter.<\/p>\n<p>&nbsp;<\/p>\n<p>&nbsp;<\/p>\n<p>&nbsp;<\/p>\n<p><center>Pour plus d&rsquo;information envoyez un email \u00e0 <a href=\"mailto:cdchs06@gmail.com?Subject=Message%20envoy%EF%BF%BD%20%EF%BF%BD%20partir%20du%20site%20www.cdchs06.com\"><img decoding=\"async\" src=\"http:\/\/cdchs06.com\/images\/letterbox.gif\" alt=\"Email\" align=\"center\" border=\"0\"><span style=\"font-family: Verdana, Arial; font-size: xx-small;\">cdchs06@gmail.com<\/span><\/a><\/center>&nbsp;<\/p>\n<p>&nbsp;<\/p>\n<p>&nbsp;<\/p>\n","protected":false},"excerpt":{"rendered":"<p>Assistance technique CHERS ORGANISATEURS si vous d\u00e9sirez des conseils pour l\u2019organisation de votre \u00e9preuve, ou faire mesurer votre parcours suivant les m\u00e9thodes fix\u00e9es par l\u2019I.A.A.F. afin que la distance annonc\u00e9e soit exacte, n\u2019h\u00e9sitez pas nous contacter : COMMISSION DEPARTEMENTALE RUNNING DES ALPES MARITIMES Parc des Sports Charles Ehrmann \u2013 155 Boulevard du Mercantour 06200 NICE T\u00e9l&nbsp;: 04 93 71 86 05 \u2013 06 62 17 64 94&nbsp; cdchs06@gmail.com &nbsp; A&#8230;<\/p>\n","protected":false},"author":1,"featured_media":0,"parent":0,"menu_order":0,"comment_status":"closed","ping_status":"closed","template":"","meta":{"_monsterinsights_skip_tracking":false,"_monsterinsights_sitenote_active":false,"_monsterinsights_sitenote_note":"","_monsterinsights_sitenote_category":0,"footnotes":""},"class_list":["post-20","page","type-page","status-publish","hentry"],"_links":{"self":[{"href":"https:\/\/cdchs06.com\/wordpress\/index.php\/wp-json\/wp\/v2\/pages\/20","targetHints":{"allow":["GET"]}}],"collection":[{"href":"https:\/\/cdchs06.com\/wordpress\/index.php\/wp-json\/wp\/v2\/pages"}],"about":[{"href":"https:\/\/cdchs06.com\/wordpress\/index.php\/wp-json\/wp\/v2\/types\/page"}],"author":[{"embeddable":true,"href":"https:\/\/cdchs06.com\/wordpress\/index.php\/wp-json\/wp\/v2\/users\/1"}],"replies":[{"embeddable":true,"href":"https:\/\/cdchs06.com\/wordpress\/index.php\/wp-json\/wp\/v2\/comments?post=20"}],"version-history":[{"count":4,"href":"https:\/\/cdchs06.com\/wordpress\/index.php\/wp-json\/wp\/v2\/pages\/20\/revisions"}],"predecessor-version":[{"id":548,"href":"https:\/\/cdchs06.com\/wordpress\/index.php\/wp-json\/wp\/v2\/pages\/20\/revisions\/548"}],"wp:attachment":[{"href":"https:\/\/cdchs06.com\/wordpress\/index.php\/wp-json\/wp\/v2\/media?parent=20"}],"curies":[{"name":"wp","href":"https:\/\/api.w.org\/{rel}","templated":true}]}}