{"id":15,"date":"2016-10-23T10:10:17","date_gmt":"2016-10-23T08:10:17","guid":{"rendered":"http:\/\/cdchs06.com\/wordpress\/?page_id=15"},"modified":"2025-11-06T15:13:24","modified_gmt":"2025-11-06T14:13:24","slug":"composition","status":"publish","type":"page","link":"https:\/\/cdchs06.com\/wordpress\/index.php\/composition\/","title":{"rendered":"Composition"},"content":{"rendered":"<table border=\"1\" width=\"750\">\n<tbody>\n<tr class=\"alpha60white\">\n<td colspan=\"4\" align=\"center\">\n<h5>Les membres de la commission.<\/h5>\n<\/td>\n<\/tr>\n<tr class=\"alpha60white\">\n<td width=\"30%\">\n<h4>Denis MANASSERO<br \/>\n<b><span style=\"font-family: Verdana, Arial; font-size: xx-small;\">Pr\u00e9sident<\/span><\/b><\/h4>\n<p><a style=\"cursor: pointer !important; user-select: none !important;\" href=\"https:\/\/cdchs06.com\/wordpress\/index.php\/contacter-denis_manassero\/\"><img decoding=\"async\" src=\"http:\/\/cdchs06.com\/images\/letterbox.gif\" alt=\"Email\" align=\"center\" border=\"0\" \/>Contacter Denis MANASSERO<\/a><\/td>\n<td width=\"12%\">\n<h4><img loading=\"lazy\" decoding=\"async\" class=\"alignnone size-full wp-image-385 aligncenter\" src=\"https:\/\/cdchs06.com\/wordpress\/wp-content\/uploads\/2017\/12\/20171221_205130-e1514994590922.jpg\" alt=\"\" width=\"80\" height=\"120\" \/><\/h4>\n<\/td>\n<td width=\"12%\">\n<h4><img decoding=\"async\" class=\"aligncenter\" src=\"http:\/\/cdchs06.com\/images\/photo_joellemarchi.jpg\" \/><\/h4>\n<\/td>\n<td width=\"30%\">\n<h4>Jo\u00eblle MARCHI<br \/>\n<b><span style=\"font-family: Verdana, Arial; font-size: xx-small;\">Vice-Pr\u00e9sidente et Secr\u00e9taire<br \/>\nR\u00e9compenses challenges<\/span><\/b><\/h4>\n<p><a href=\"https:\/\/cdchs06.com\/wordpress\/index.php\/contacter-joelle-marchi\/\"><img decoding=\"async\" src=\"http:\/\/cdchs06.com\/images\/letterbox.gif\" alt=\"Email\" align=\"center\" border=\"0\" \/>Contacter Jo\u00eblle MARCHI<\/a><\/td>\n<\/tr>\n<tr class=\"alpha60white\">\n<td>\n<h4>Andr\u00e9 FERRETTI<br \/>\n<b><span style=\"font-family: Verdana, Arial; font-size: xx-small;\">Pr\u00e9sident D\u00e9l\u00e9gu\u00e9 et Tr\u00e9sorier<\/span><\/b><\/h4>\n<p><a href=\"https:\/\/cdchs06.com\/wordpress\/index.php\/contacter-andre-ferretti\/\"><img decoding=\"async\" src=\"http:\/\/cdchs06.com\/images\/letterbox.gif\" alt=\"Email\" align=\"center\" border=\"0\" \/>Contacter Andr\u00e9 FERRETTI<\/a><\/td>\n<td>\n<h4><img decoding=\"async\" class=\"aligncenter\" src=\"http:\/\/cdchs06.com\/images\/photo_andre.jpg\" \/><\/h4>\n<\/td>\n<td>\n<h4><img loading=\"lazy\" decoding=\"async\" class=\"alignnone size-full wp-image-386 aligncenter\" src=\"https:\/\/cdchs06.com\/wordpress\/wp-content\/uploads\/2017\/12\/20171221_205143-e1514994614100.jpg\" alt=\"\" width=\"80\" height=\"120\" \/><\/h4>\n<\/td>\n<td>\n<h4><\/h4>\n<h4>Lydie FERRETTI<br \/>\n<b><span style=\"font-family: Verdana, Arial; font-size: xx-small;\">R\u00e9compenses challenges<\/span><\/b><\/h4>\n<p><a href=\"https:\/\/cdchs06.com\/wordpress\/index.php\/contacter-lydie-ferretti\/\"><img decoding=\"async\" src=\"http:\/\/cdchs06.com\/images\/letterbox.gif\" alt=\"Email\" align=\"center\" border=\"0\" \/>Contacter Lydie FERRETTI<\/a><\/td>\n<\/tr>\n<tr class=\"alpha60white\">\n<td>\n<h4>Antoine CARLOTTI<br \/>\n(Tonio)<br \/>\n<b><span style=\"font-family: Verdana, Arial; font-size: xx-small;\">Webmaster &amp; Responsable Application<\/span><\/b><\/h4>\n<p><a href=\"https:\/\/cdchs06.com\/wordpress\/index.php\/contacter-antoine-carlotti\/\"><img decoding=\"async\" src=\"http:\/\/cdchs06.com\/images\/letterbox.gif\" alt=\"Email\" align=\"center\" border=\"0\" \/>Contacter Antoine CARLOTTI<\/a><\/td>\n<td>\n<h4><img decoding=\"async\" class=\"aligncenter\" src=\"http:\/\/cdchs06.com\/images\/photo_tonio.jpg\" \/><\/h4>\n<\/td>\n<td>\n<h4><img decoding=\"async\" class=\"aligncenter\" src=\"http:\/\/cdchs06.com\/images\/photo_antoinecau.jpg\" \/><\/h4>\n<\/td>\n<td>\n<h4>Antoine CAU<br \/>\n<b><span style=\"font-family: Verdana, Arial; font-size: xx-small;\">Responsable Sponsors &amp; Partenariats<\/span><\/b><\/h4>\n<p><a href=\"https:\/\/cdchs06.com\/wordpress\/index.php\/contacter-antoine-cau\/\"><img decoding=\"async\" src=\"http:\/\/cdchs06.com\/images\/letterbox.gif\" alt=\"Email\" align=\"center\" border=\"0\" \/>Contacter Antoine CAU<\/a><\/td>\n<\/tr>\n<tr class=\"alpha60white\">\n<td>\n<h4>C\u00e9line GUIEU<br \/>\n<b><span style=\"font-family: Verdana, Arial; font-size: xx-small;\">Responsable Challenge Running<\/span><\/b><\/h4>\n<p><a href=\"https:\/\/cdchs06.com\/wordpress\/index.php\/contacter-celine-guieu\/\" data-wplink-edit=\"true\"><img decoding=\"async\" src=\"http:\/\/cdchs06.com\/images\/letterbox.gif\" alt=\"Email\" align=\"center\" border=\"0\" \/>Contacter C\u00e9line GUIEU<\/a><\/td>\n<td>\n<h4>\u00a0 <img loading=\"lazy\" decoding=\"async\" class=\"alignnone wp-image-1270 size-large\" src=\"https:\/\/cdchs06.com\/wordpress\/wp-content\/uploads\/2025\/11\/celine-g-768x1024.jpg\" alt=\"\" width=\"640\" height=\"853\" \/><\/h4>\n<\/td>\n<td>\n<h4><img loading=\"lazy\" decoding=\"async\" class=\"alignnone size-full wp-image-384 aligncenter\" src=\"https:\/\/cdchs06.com\/wordpress\/wp-content\/uploads\/2017\/12\/lizou_ptit-e1514994639836.jpg\" alt=\"\" width=\"80\" height=\"120\" \/><\/h4>\n<\/td>\n<td>\n<h4>Lysiane CHANUT<br \/>\n<b><span style=\"font-family: Verdana, Arial; font-size: xx-small;\">Intendance<\/span><\/b><\/h4>\n<p><a href=\"https:\/\/cdchs06.com\/wordpress\/index.php\/contacter-lysiane-chanut\/\"><img decoding=\"async\" src=\"http:\/\/cdchs06.com\/images\/letterbox.gif\" alt=\"Email\" align=\"center\" border=\"0\" \/>Contacter Lysiane CHANUT<\/a><\/td>\n<\/tr>\n<tr class=\"alpha60white\">\n<td>\n<h4>Fran\u00e7ois LACARELLE<\/h4>\n<h4><b><\/b><b><span style=\"font-family: Verdana, Arial; font-size: xx-small;\">Responsable du Calendrier<\/span><\/b><\/h4>\n<\/td>\n<td>\n<h4><img loading=\"lazy\" decoding=\"async\" class=\"alignnone size-full wp-image-603\" src=\"https:\/\/cdchs06.com\/wordpress\/wp-content\/uploads\/2019\/12\/fl06.jpg\" alt=\"\" width=\"231\" height=\"279\" \/><\/h4>\n<\/td>\n<td><img loading=\"lazy\" decoding=\"async\" class=\"alignnone size-full wp-image-381 aligncenter\" src=\"https:\/\/cdchs06.com\/wordpress\/wp-content\/uploads\/2017\/12\/pierre_ptit-e1514994660113.jpg\" alt=\"\" width=\"80\" height=\"120\" \/><\/td>\n<td>\n<h4>Pierre FELT<br \/>\n<b><span style=\"font-family: Verdana, Arial; font-size: xx-small;\">Coordinateur FFA<\/span><\/b><\/h4>\n<p><a href=\"https:\/\/cdchs06.com\/wordpress\/index.php\/contacter-pierre-felt\/\"><img decoding=\"async\" src=\"http:\/\/cdchs06.com\/images\/letterbox.gif\" alt=\"Email\" align=\"center\" border=\"0\" \/>Contacter Pierre FELT<\/a><\/td>\n<\/tr>\n<tr class=\"alpha60white\">\n<td><\/td>\n<td><\/td>\n<td><\/td>\n<td><\/td>\n<\/tr>\n<\/tbody>\n<\/table>\n","protected":false},"excerpt":{"rendered":"<p>Les membres de la commission. Denis MANASSERO Pr\u00e9sident Contacter Denis MANASSERO Jo\u00eblle MARCHI Vice-Pr\u00e9sidente et Secr\u00e9taire R\u00e9compenses challenges Contacter Jo\u00eblle MARCHI Andr\u00e9 FERRETTI Pr\u00e9sident D\u00e9l\u00e9gu\u00e9 et Tr\u00e9sorier Contacter Andr\u00e9 FERRETTI Lydie FERRETTI R\u00e9compenses challenges Contacter Lydie FERRETTI Antoine CARLOTTI (Tonio) Webmaster &amp; Responsable Application Contacter Antoine CARLOTTI Antoine CAU Responsable Sponsors &amp; Partenariats Contacter Antoine CAU C\u00e9line GUIEU Responsable Challenge Running Contacter C\u00e9line GUIEU \u00a0 Lysiane CHANUT Intendance Contacter Lysiane&#8230;<\/p>\n","protected":false},"author":1,"featured_media":0,"parent":0,"menu_order":0,"comment_status":"closed","ping_status":"closed","template":"","meta":{"_monsterinsights_skip_tracking":false,"_monsterinsights_sitenote_active":false,"_monsterinsights_sitenote_note":"","_monsterinsights_sitenote_category":0,"footnotes":""},"class_list":["post-15","page","type-page","status-publish","hentry"],"_links":{"self":[{"href":"https:\/\/cdchs06.com\/wordpress\/index.php\/wp-json\/wp\/v2\/pages\/15","targetHints":{"allow":["GET"]}}],"collection":[{"href":"https:\/\/cdchs06.com\/wordpress\/index.php\/wp-json\/wp\/v2\/pages"}],"about":[{"href":"https:\/\/cdchs06.com\/wordpress\/index.php\/wp-json\/wp\/v2\/types\/page"}],"author":[{"embeddable":true,"href":"https:\/\/cdchs06.com\/wordpress\/index.php\/wp-json\/wp\/v2\/users\/1"}],"replies":[{"embeddable":true,"href":"https:\/\/cdchs06.com\/wordpress\/index.php\/wp-json\/wp\/v2\/comments?post=15"}],"version-history":[{"count":23,"href":"https:\/\/cdchs06.com\/wordpress\/index.php\/wp-json\/wp\/v2\/pages\/15\/revisions"}],"predecessor-version":[{"id":1280,"href":"https:\/\/cdchs06.com\/wordpress\/index.php\/wp-json\/wp\/v2\/pages\/15\/revisions\/1280"}],"wp:attachment":[{"href":"https:\/\/cdchs06.com\/wordpress\/index.php\/wp-json\/wp\/v2\/media?parent=15"}],"curies":[{"name":"wp","href":"https:\/\/api.w.org\/{rel}","templated":true}]}}