{"id":1060,"date":"2023-12-27T16:46:24","date_gmt":"2023-12-27T15:46:24","guid":{"rendered":"https:\/\/cdchs06.com\/wordpress\/?page_id=1060"},"modified":"2025-02-18T12:24:46","modified_gmt":"2025-02-18T11:24:46","slug":"resultats-anterieurs","status":"publish","type":"page","link":"https:\/\/cdchs06.com\/wordpress\/index.php\/resultats-anterieurs\/","title":{"rendered":"R\u00e9sultats des Courses"},"content":{"rendered":"\n<p>Vous trouverez ci-dessous les r\u00e9sultats des courses cliquez sur l&rsquo;ann\u00e9e voulue pour acc\u00e9der aux r\u00e9sultats.<\/p>\n\n\n\n<div class=\"wp-block-buttons is-layout-flex wp-block-buttons-is-layout-flex\">\n<div class=\"wp-block-button\"><a class=\"wp-block-button__link wp-element-button\" href=\"https:\/\/bases.athle.fr\/asp.net\/liste.aspx?frmpostback=true&amp;frmbase=resultats&amp;frmmode=2&amp;frmespace=0&amp;frmsaison=2025&amp;frmdepartement=006\">2025<\/a><\/div>\n<\/div>\n\n\n\n<hr class=\"wp-block-separator has-alpha-channel-opacity\"\/>\n\n\n\n<div class=\"wp-block-buttons is-layout-flex wp-block-buttons-is-layout-flex\">\n<div class=\"wp-block-button\"><a class=\"wp-block-button__link wp-element-button\" href=\"https:\/\/bases.athle.fr\/asp.net\/liste.aspx?frmpostback=true&amp;frmbase=resultats&amp;frmmode=2&amp;frmespace=0&amp;frmsaison=2024&amp;frmdepartement=006\">2024<\/a><\/div>\n<\/div>\n\n\n\n<hr class=\"wp-block-separator has-alpha-channel-opacity\"\/>\n\n\n\n<div class=\"wp-block-buttons is-layout-flex wp-block-buttons-is-layout-flex\">\n<div class=\"wp-block-button\"><a class=\"wp-block-button__link wp-element-button\" href=\"https:\/\/bases.athle.fr\/asp.net\/liste.aspx?frmpostback=true&amp;frmbase=resultats&amp;frmmode=2&amp;frmespace=0&amp;frmsaison=2023&amp;frmdepartement=006\">2023<\/a><\/div>\n<\/div>\n\n\n\n<hr class=\"wp-block-separator has-alpha-channel-opacity\"\/>\n\n\n\n<div class=\"wp-block-buttons is-layout-flex wp-block-buttons-is-layout-flex\">\n<div class=\"wp-block-button\"><a class=\"wp-block-button__link wp-element-button\" href=\"https:\/\/bases.athle.fr\/asp.net\/liste.aspx?frmpostback=true&amp;frmbase=resultats&amp;frmmode=2&amp;frmespace=0&amp;frmsaison=2022&amp;frmdepartement=006\">2022<\/a><\/div>\n<\/div>\n\n\n\n<hr class=\"wp-block-separator has-alpha-channel-opacity\"\/>\n\n\n\n<div class=\"wp-block-buttons is-layout-flex wp-block-buttons-is-layout-flex\">\n<div class=\"wp-block-button\"><a class=\"wp-block-button__link wp-element-button\" href=\"https:\/\/bases.athle.fr\/asp.net\/liste.aspx?frmpostback=true&amp;frmbase=resultats&amp;frmmode=2&amp;frmespace=0&amp;frmsaison=2021&amp;frmdepartement=006\">2021<\/a><\/div>\n<\/div>\n\n\n\n<hr class=\"wp-block-separator has-alpha-channel-opacity\"\/>\n\n\n\n<div class=\"wp-block-buttons is-layout-flex wp-block-buttons-is-layout-flex\">\n<div class=\"wp-block-button\"><a class=\"wp-block-button__link wp-element-button\" href=\"https:\/\/bases.athle.fr\/asp.net\/liste.aspx?frmpostback=true&amp;frmbase=resultats&amp;frmmode=2&amp;frmespace=0&amp;frmsaison=2020&amp;frmdepartement=006\">2020<\/a><\/div>\n<\/div>\n\n\n\n<hr class=\"wp-block-separator has-alpha-channel-opacity\"\/>\n\n\n\n<div class=\"wp-block-buttons is-layout-flex wp-block-buttons-is-layout-flex\">\n<div class=\"wp-block-button\"><a class=\"wp-block-button__link wp-element-button\" href=\"https:\/\/bases.athle.fr\/asp.net\/liste.aspx?frmpostback=true&amp;frmbase=resultats&amp;frmmode=2&amp;frmespace=0&amp;frmsaison=2019&amp;frmdepartement=006\">2019<\/a><\/div>\n<\/div>\n\n\n\n<hr class=\"wp-block-separator has-alpha-channel-opacity\"\/>\n\n\n\n<div class=\"wp-block-buttons is-layout-flex wp-block-buttons-is-layout-flex\">\n<div class=\"wp-block-button\"><a class=\"wp-block-button__link wp-element-button\" href=\"https:\/\/bases.athle.fr\/asp.net\/liste.aspx?frmpostback=true&amp;frmbase=resultats&amp;frmmode=2&amp;frmespace=0&amp;frmsaison=2018&amp;frmdepartement=006\">2018<\/a><\/div>\n<\/div>\n\n\n\n<hr class=\"wp-block-separator has-alpha-channel-opacity\"\/>\n\n\n\n<div class=\"wp-block-buttons is-layout-flex wp-block-buttons-is-layout-flex\">\n<div class=\"wp-block-button\"><a class=\"wp-block-button__link wp-element-button\" href=\"https:\/\/bases.athle.fr\/asp.net\/liste.aspx?frmpostback=true&amp;frmbase=resultats&amp;frmmode=2&amp;frmespace=0&amp;frmsaison=2017&amp;frmdepartement=006\">2017<\/a><\/div>\n<\/div>\n\n\n\n<hr class=\"wp-block-separator has-alpha-channel-opacity\"\/>\n\n\n\n<div class=\"wp-block-buttons is-layout-flex wp-block-buttons-is-layout-flex\">\n<div class=\"wp-block-button\"><a class=\"wp-block-button__link wp-element-button\" href=\"https:\/\/bases.athle.fr\/asp.net\/liste.aspx?frmpostback=true&amp;frmbase=resultats&amp;frmmode=2&amp;frmespace=0&amp;frmsaison=2016&amp;frmdepartement=006\">2016<\/a><\/div>\n<\/div>\n\n\n\n<hr class=\"wp-block-separator has-alpha-channel-opacity\"\/>\n\n\n\n<div class=\"wp-block-buttons is-layout-flex wp-block-buttons-is-layout-flex\">\n<div class=\"wp-block-button\"><a class=\"wp-block-button__link wp-element-button\" href=\"https:\/\/bases.athle.fr\/asp.net\/liste.aspx?frmpostback=true&amp;frmbase=resultats&amp;frmmode=2&amp;frmespace=0&amp;frmsaison=2015&amp;frmdepartement=006\">2015<\/a><\/div>\n<\/div>\n\n\n\n<hr class=\"wp-block-separator has-alpha-channel-opacity\"\/>\n\n\n\n<div class=\"wp-block-buttons is-layout-flex wp-block-buttons-is-layout-flex\">\n<div class=\"wp-block-button\"><a class=\"wp-block-button__link wp-element-button\" href=\"https:\/\/bases.athle.fr\/asp.net\/liste.aspx?frmpostback=true&amp;frmbase=resultats&amp;frmmode=2&amp;frmespace=0&amp;frmsaison=2014&amp;frmdepartement=006\">2014<\/a><\/div>\n<\/div>\n\n\n\n<hr class=\"wp-block-separator has-alpha-channel-opacity\"\/>\n\n\n\n<div class=\"wp-block-buttons is-layout-flex wp-block-buttons-is-layout-flex\">\n<div class=\"wp-block-button\"><a class=\"wp-block-button__link wp-element-button\" href=\"https:\/\/bases.athle.fr\/asp.net\/liste.aspx?frmpostback=true&amp;frmbase=resultats&amp;frmmode=2&amp;frmespace=0&amp;frmsaison=2013&amp;frmtype1=&amp;frmtype2=&amp;frmtype3=&amp;frmtype4=&amp;frmniveau=&amp;frmniveaulab=&amp;frmligue=&amp;frmdepartement=006&amp;frmeprrch=&amp;frmclub=&amp;frmdate_j1=&amp;frmdate_m1=&amp;frmdate_a1=&amp;frmdate_j2=&amp;frmdate_m2=&amp;frmdate_a2=\">2013<\/a><\/div>\n<\/div>\n\n\n\n<hr class=\"wp-block-separator has-alpha-channel-opacity\"\/>\n\n\n\n<div class=\"wp-block-buttons is-layout-flex wp-block-buttons-is-layout-flex\">\n<div class=\"wp-block-button\"><a class=\"wp-block-button__link wp-element-button\" href=\"http:\/\/cdchs06.com\/wp_class_2012_2013.php\">2012\/2013<\/a><\/div>\n<\/div>\n\n\n\n<hr class=\"wp-block-separator has-alpha-channel-opacity\"\/>\n\n\n\n<div class=\"wp-block-buttons is-layout-flex wp-block-buttons-is-layout-flex\">\n<div class=\"wp-block-button\"><a class=\"wp-block-button__link wp-element-button\" href=\"http:\/\/cdchs06.com\/wp_class_2011_2012.php\">2011\/2012<\/a><\/div>\n<\/div>\n\n\n\n<hr class=\"wp-block-separator has-alpha-channel-opacity\"\/>\n\n\n\n<div class=\"wp-block-buttons is-layout-flex wp-block-buttons-is-layout-flex\">\n<div class=\"wp-block-button\"><a class=\"wp-block-button__link wp-element-button\" href=\"http:\/\/cdchs06.com\/wp_class_2010_2011.php\">2010\/2011<\/a><\/div>\n<\/div>\n\n\n\n<hr class=\"wp-block-separator has-alpha-channel-opacity\"\/>\n\n\n\n<div class=\"wp-block-buttons is-layout-flex wp-block-buttons-is-layout-flex\">\n<div class=\"wp-block-button\"><a class=\"wp-block-button__link wp-element-button\" href=\"http:\/\/cdchs06.com\/wp_class_2009_2010.php\">2009\/2010<\/a><\/div>\n<\/div>\n\n\n\n<hr class=\"wp-block-separator has-alpha-channel-opacity\"\/>\n\n\n\n<div class=\"wp-block-buttons is-layout-flex wp-block-buttons-is-layout-flex\">\n<div class=\"wp-block-button\"><a class=\"wp-block-button__link wp-element-button\" href=\"http:\/\/cdchs06.com\/wp_class_2008_2009.php\">2008\/2009<\/a><\/div>\n<\/div>\n\n\n\n<hr class=\"wp-block-separator has-alpha-channel-opacity\"\/>\n\n\n\n<div class=\"wp-block-buttons is-layout-flex wp-block-buttons-is-layout-flex\">\n<div class=\"wp-block-button\"><a class=\"wp-block-button__link wp-element-button\" href=\"http:\/\/cdchs06.com\/wp_class_2007_2008.php\">2007\/2008<\/a><\/div>\n<\/div>\n\n\n\n<hr class=\"wp-block-separator has-alpha-channel-opacity\"\/>\n\n\n\n<div class=\"wp-block-buttons is-layout-flex wp-block-buttons-is-layout-flex\">\n<div class=\"wp-block-button\"><a class=\"wp-block-button__link wp-element-button\" href=\"http:\/\/cdchs06.com\/wp_class_2006_2007.php\">2006\/2007<\/a><\/div>\n<\/div>\n\n\n\n<hr class=\"wp-block-separator has-alpha-channel-opacity\"\/>\n\n\n\n<div class=\"wp-block-buttons is-layout-flex wp-block-buttons-is-layout-flex\">\n<div class=\"wp-block-button\"><a class=\"wp-block-button__link wp-element-button\" href=\"http:\/\/cdchs06.com\/wp_class_2005_2006.php\">2005\/2006<\/a><\/div>\n<\/div>\n","protected":false},"excerpt":{"rendered":"<p>Vous trouverez ci-dessous les r\u00e9sultats des courses cliquez sur l&rsquo;ann\u00e9e voulue pour acc\u00e9der aux r\u00e9sultats.<\/p>\n","protected":false},"author":1,"featured_media":0,"parent":0,"menu_order":0,"comment_status":"closed","ping_status":"closed","template":"","meta":{"_monsterinsights_skip_tracking":false,"_monsterinsights_sitenote_active":false,"_monsterinsights_sitenote_note":"","_monsterinsights_sitenote_category":0,"footnotes":""},"class_list":["post-1060","page","type-page","status-publish","hentry"],"_links":{"self":[{"href":"https:\/\/cdchs06.com\/wordpress\/index.php\/wp-json\/wp\/v2\/pages\/1060","targetHints":{"allow":["GET"]}}],"collection":[{"href":"https:\/\/cdchs06.com\/wordpress\/index.php\/wp-json\/wp\/v2\/pages"}],"about":[{"href":"https:\/\/cdchs06.com\/wordpress\/index.php\/wp-json\/wp\/v2\/types\/page"}],"author":[{"embeddable":true,"href":"https:\/\/cdchs06.com\/wordpress\/index.php\/wp-json\/wp\/v2\/users\/1"}],"replies":[{"embeddable":true,"href":"https:\/\/cdchs06.com\/wordpress\/index.php\/wp-json\/wp\/v2\/comments?post=1060"}],"version-history":[{"count":6,"href":"https:\/\/cdchs06.com\/wordpress\/index.php\/wp-json\/wp\/v2\/pages\/1060\/revisions"}],"predecessor-version":[{"id":1229,"href":"https:\/\/cdchs06.com\/wordpress\/index.php\/wp-json\/wp\/v2\/pages\/1060\/revisions\/1229"}],"wp:attachment":[{"href":"https:\/\/cdchs06.com\/wordpress\/index.php\/wp-json\/wp\/v2\/media?parent=1060"}],"curies":[{"name":"wp","href":"https:\/\/api.w.org\/{rel}","templated":true}]}}